{"id":808,"date":"2025-01-13T21:02:06","date_gmt":"2025-01-13T21:02:06","guid":{"rendered":"https:\/\/www.xn--manresacomer-vdb.cat\/?page_id=808"},"modified":"2025-01-13T21:21:13","modified_gmt":"2025-01-13T21:21:13","slug":"manresa-comerc-nord","status":"publish","type":"page","link":"https:\/\/www.xn--manresacomer-vdb.cat\/index.php\/manresa-comerc-nord\/","title":{"rendered":"Manresa Comer\u00e7 NORD"},"content":{"rendered":"\t\t<div data-elementor-type=\"wp-page\" data-elementor-id=\"808\" class=\"elementor elementor-808\">\n\t\t\t\t\t\t<section class=\"elementor-section elementor-top-section elementor-element elementor-element-c921851 elementor-section-boxed elementor-section-height-default elementor-section-height-default\" data-id=\"c921851\" data-element_type=\"section\" data-e-type=\"section\">\n\t\t\t\t\t\t<div class=\"elementor-container elementor-column-gap-default\">\n\t\t\t\t\t<div class=\"elementor-column elementor-col-100 elementor-top-column elementor-element elementor-element-00a8ba4\" data-id=\"00a8ba4\" data-element_type=\"column\" data-e-type=\"column\">\n\t\t\t<div class=\"elementor-widget-wrap\">\n\t\t\t\t\t\t\t<\/div>\n\t\t<\/div>\n\t\t\t\t\t<\/div>\n\t\t<\/section>\n\t\t\t\t<section class=\"elementor-section elementor-top-section elementor-element elementor-element-dec73b2 elementor-section-boxed elementor-section-height-default elementor-section-height-default\" data-id=\"dec73b2\" data-element_type=\"section\" data-e-type=\"section\">\n\t\t\t\t\t\t<div class=\"elementor-container elementor-column-gap-default\">\n\t\t\t\t\t<div class=\"elementor-column elementor-col-100 elementor-top-column elementor-element elementor-element-2d5f103\" data-id=\"2d5f103\" data-element_type=\"column\" data-e-type=\"column\">\n\t\t\t<div class=\"elementor-widget-wrap elementor-element-populated\">\n\t\t\t\t\t\t<div class=\"elementor-element elementor-element-fee7ffa elementor-widget elementor-widget-image\" data-id=\"fee7ffa\" data-element_type=\"widget\" data-e-type=\"widget\" data-widget_type=\"image.default\">\n\t\t\t\t<div class=\"elementor-widget-container\">\n\t\t\t\t\t\t\t\t\t\t\t\t\t\t\t<img fetchpriority=\"high\" decoding=\"async\" width=\"300\" height=\"195\" src=\"https:\/\/www.xn--manresacomer-vdb.cat\/wp-content\/uploads\/2025\/01\/LOGONORD-300x195.png\" class=\"attachment-medium size-medium wp-image-813\" alt=\"\" srcset=\"https:\/\/www.xn--manresacomer-vdb.cat\/wp-content\/uploads\/2025\/01\/LOGONORD-300x195.png 300w, https:\/\/www.xn--manresacomer-vdb.cat\/wp-content\/uploads\/2025\/01\/LOGONORD.png 700w\" sizes=\"(max-width: 300px) 100vw, 300px\" \/>\t\t\t\t\t\t\t\t\t\t\t\t\t\t\t<\/div>\n\t\t\t\t<\/div>\n\t\t\t\t\t<\/div>\n\t\t<\/div>\n\t\t\t\t\t<\/div>\n\t\t<\/section>\n\t\t\t\t<section class=\"elementor-section elementor-top-section elementor-element elementor-element-257d88a elementor-section-boxed elementor-section-height-default elementor-section-height-default\" data-id=\"257d88a\" data-element_type=\"section\" data-e-type=\"section\">\n\t\t\t\t\t\t<div class=\"elementor-container elementor-column-gap-default\">\n\t\t\t\t\t<div class=\"elementor-column elementor-col-100 elementor-top-column elementor-element elementor-element-0eca21c\" data-id=\"0eca21c\" data-element_type=\"column\" data-e-type=\"column\">\n\t\t\t<div class=\"elementor-widget-wrap elementor-element-populated\">\n\t\t\t\t\t\t<div class=\"elementor-element elementor-element-1643d88 elementor-widget elementor-widget-text-editor\" data-id=\"1643d88\" data-element_type=\"widget\" data-e-type=\"widget\" data-widget_type=\"text-editor.default\">\n\t\t\t\t<div class=\"elementor-widget-container\">\n\t\t\t\t\t\t\t\t\t<h2>Primers passos per a la creaci\u00f3 de la marca <strong>Manresa Comer\u00e7 Nord<\/strong><\/h2><p>Diversos comer\u00e7os de la zona Nord de Manresa van fer el primer pas per consensuar la creaci\u00f3 de la marca <strong>Manresa Comer\u00e7 Nord<\/strong>, una iniciativa que tenia com a objectiu potenciar i donar visibilitat al comer\u00e7 local i dinamitzar la vida del barri.<\/p><p>La marca volia esdevenir un element identificatiu que aglutin\u00e9s l\u2019esperit de la zona, promovent la col\u00b7laboraci\u00f3 entre els comer\u00e7os i creant sinergies per impulsar accions que afavorissin el creixement econ\u00f2mic i social del territori.<\/p><p>De la m\u00e0 de la Uni\u00f3 de Botiguers i Comerciants de Manresa (UBIC), juntament amb l\u2019Associaci\u00f3 de Ve\u00efns de la carretera de Santpedor, la primera acci\u00f3 que va marcar l\u2019inici d\u2019aquesta nova etapa va ser una campanya nadalenca per implicar els comer\u00e7os i els ve\u00efns del barri amb activitats pensades per fomentar la participaci\u00f3 i l\u2019esperit festiu.<\/p><h4><em>Aquestes accions inicials volen ser el primer pas d\u2019un projecte m\u00e9s ampli amb l\u2019objectiu de consolidar Manresa Nord com una marca de refer\u00e8ncia per al comer\u00e7 i la cultura de la zona.<\/em><\/h4>\t\t\t\t\t\t\t\t<\/div>\n\t\t\t\t<\/div>\n\t\t\t\t<div class=\"elementor-element elementor-element-5ca70e8 elementor-widget elementor-widget-text-editor\" data-id=\"5ca70e8\" data-element_type=\"widget\" data-e-type=\"widget\" data-widget_type=\"text-editor.default\">\n\t\t\t\t<div class=\"elementor-widget-container\">\n\t\t\t\t\t\t\t\t\t<h2><strong>CAMPANYA TROBA EL NORD<\/strong><\/h2><p><strong>\u00a0<\/strong>La campanya de Manresa Nord, impulsada per la <strong>UBIC<\/strong> (Uni\u00f3 de Botiguers i Comerciants) i <strong>l\u2019associaci\u00f3 de ve\u00efns de la carretera de Santpedor<\/strong> tenia com a objectiu dinamitzar el comer\u00e7 local, refor\u00e7ar la fidelitat dels associats i promoure el teixit comercial de la zona. Aquesta campanya es va centrar en accions creatives i participatives durant l\u2019\u00faltima setmana de Nadal com a primera etapa del projecte.<\/p><p><strong>Objectius:<\/strong><\/p><ul><li>Donar a con\u00e8ixer el projecte \u201cManresa Comer\u00e7 Nord\u201d.<\/li><\/ul><ul><li>Fomentar la participaci\u00f3 de les fam\u00edlies i nens per despertar l\u2019inter\u00e8s pel comer\u00e7 local.<\/li><\/ul><ul><li>Crear sinergies entre comerciants i entitats del barri.<\/li><\/ul><ul><li>Potenciar la visibilitat dels comer\u00e7os.<\/li><\/ul><p>Activitats Realitzades:<\/p><p><strong>Estrella:<\/strong><\/p><p>Cada establiment participant va penjar una estrella lluminosa\u00a0 d\u2019aproximadament 40 cm de di\u00e0metre, decorada amb l\u2019esl\u00f2gan de la campanya <strong>\u201cAquest Nadal troba el nord\u201d.<\/strong><\/p><p><strong>Troba el nord:<\/strong><\/p><p><strong>\u00a0<\/strong>Als aparadors de les botigues participants s\u2019hi amagava una estrella polar amb un n\u00famero (en paperet o pin). Els infants de la zona havien de trobar les estrelles numerades i emplenar un diptic, que es trobava amb el programa d\u2019actes. Si ho aconseguien, entraven en un sorteig amb diversos premis.<\/p><p><strong>Berenar dinamitzat:<\/strong><\/p><p><strong>\u00a0<\/strong>Es va fer un berenar\/xocolatada a la \u201cPla\u00e7a de les Dones\u201d dinamitzat amb m\u00fasica de nadales i un taller de boles decoratives de fusta. Aquesta activitat va ser organitzada per la UBIC de Manresa, amb la col\u00b7laboraci\u00f3 de Frankfurt Cal Xavi, Cal Molin\u00e9, Ca l\u2019Arpellot i El Taller del Bosc, i l\u2019associaci\u00f3 de ve\u00efns de la ctra. Santpedor.<\/p><p><strong>Pare Nadal itinerant:<\/strong><\/p><p><strong>\u00a0<\/strong>En dies determinats, un Pare Nadal es va passejar pel barri repartint caramels.<\/p><h4><em>Amb aquesta experi\u00e8ncia com a punt de partida, es poden plantejar accions similars per consolidar el projecte Manresa Comer\u00e7 Nord com un referent de dinamitzaci\u00f3 comercial a la zona i a la ciutat.<\/em><\/h4><h4><strong>\u00a0<\/strong><\/h4>\t\t\t\t\t\t\t\t<\/div>\n\t\t\t\t<\/div>\n\t\t\t\t\t<\/div>\n\t\t<\/div>\n\t\t\t\t\t<\/div>\n\t\t<\/section>\n\t\t\t\t<section class=\"elementor-section elementor-top-section elementor-element elementor-element-45f2d93 elementor-section-boxed elementor-section-height-default elementor-section-height-default\" data-id=\"45f2d93\" data-element_type=\"section\" data-e-type=\"section\">\n\t\t\t\t\t\t<div class=\"elementor-container elementor-column-gap-default\">\n\t\t\t\t\t<div class=\"elementor-column elementor-col-33 elementor-top-column elementor-element elementor-element-a8ebf26\" data-id=\"a8ebf26\" data-element_type=\"column\" data-e-type=\"column\">\n\t\t\t<div class=\"elementor-widget-wrap elementor-element-populated\">\n\t\t\t\t\t\t<div class=\"elementor-element elementor-element-5a8c3c9 elementor-widget elementor-widget-image\" data-id=\"5a8c3c9\" data-element_type=\"widget\" data-e-type=\"widget\" data-widget_type=\"image.default\">\n\t\t\t\t<div class=\"elementor-widget-container\">\n\t\t\t\t\t\t\t\t\t\t\t\t\t\t\t<img decoding=\"async\" width=\"819\" height=\"1024\" src=\"https:\/\/www.xn--manresacomer-vdb.cat\/wp-content\/uploads\/2025\/01\/trobaelnord_manresa-819x1024.jpg\" class=\"attachment-large size-large wp-image-819\" alt=\"\" srcset=\"https:\/\/www.xn--manresacomer-vdb.cat\/wp-content\/uploads\/2025\/01\/trobaelnord_manresa-819x1024.jpg 819w, https:\/\/www.xn--manresacomer-vdb.cat\/wp-content\/uploads\/2025\/01\/trobaelnord_manresa-240x300.jpg 240w, https:\/\/www.xn--manresacomer-vdb.cat\/wp-content\/uploads\/2025\/01\/trobaelnord_manresa-768x960.jpg 768w, https:\/\/www.xn--manresacomer-vdb.cat\/wp-content\/uploads\/2025\/01\/trobaelnord_manresa.jpg 1080w\" sizes=\"(max-width: 819px) 100vw, 819px\" \/>\t\t\t\t\t\t\t\t\t\t\t\t\t\t\t<\/div>\n\t\t\t\t<\/div>\n\t\t\t\t\t<\/div>\n\t\t<\/div>\n\t\t\t\t<div class=\"elementor-column elementor-col-33 elementor-top-column elementor-element elementor-element-872c74e\" data-id=\"872c74e\" data-element_type=\"column\" data-e-type=\"column\">\n\t\t\t<div class=\"elementor-widget-wrap elementor-element-populated\">\n\t\t\t\t\t\t<div class=\"elementor-element elementor-element-1a1a1b8 elementor-widget elementor-widget-image\" data-id=\"1a1a1b8\" data-element_type=\"widget\" data-e-type=\"widget\" data-widget_type=\"image.default\">\n\t\t\t\t<div class=\"elementor-widget-container\">\n\t\t\t\t\t\t\t\t\t\t\t\t\t\t\t<img decoding=\"async\" width=\"768\" height=\"1024\" src=\"https:\/\/www.xn--manresacomer-vdb.cat\/wp-content\/uploads\/2025\/01\/1736800213525-768x1024.jpg\" class=\"attachment-large size-large wp-image-820\" alt=\"\" srcset=\"https:\/\/www.xn--manresacomer-vdb.cat\/wp-content\/uploads\/2025\/01\/1736800213525-768x1024.jpg 768w, https:\/\/www.xn--manresacomer-vdb.cat\/wp-content\/uploads\/2025\/01\/1736800213525-225x300.jpg 225w, https:\/\/www.xn--manresacomer-vdb.cat\/wp-content\/uploads\/2025\/01\/1736800213525-1152x1536.jpg 1152w, https:\/\/www.xn--manresacomer-vdb.cat\/wp-content\/uploads\/2025\/01\/1736800213525-1536x2048.jpg 1536w, https:\/\/www.xn--manresacomer-vdb.cat\/wp-content\/uploads\/2025\/01\/1736800213525-scaled.jpg 1920w\" sizes=\"(max-width: 768px) 100vw, 768px\" \/>\t\t\t\t\t\t\t\t\t\t\t\t\t\t\t<\/div>\n\t\t\t\t<\/div>\n\t\t\t\t\t<\/div>\n\t\t<\/div>\n\t\t\t\t<div class=\"elementor-column elementor-col-33 elementor-top-column elementor-element elementor-element-652ba26\" data-id=\"652ba26\" data-element_type=\"column\" data-e-type=\"column\">\n\t\t\t<div class=\"elementor-widget-wrap elementor-element-populated\">\n\t\t\t\t\t\t<div class=\"elementor-element elementor-element-ad500cd elementor-widget elementor-widget-image\" data-id=\"ad500cd\" data-element_type=\"widget\" data-e-type=\"widget\" data-widget_type=\"image.default\">\n\t\t\t\t<div class=\"elementor-widget-container\">\n\t\t\t\t\t\t\t\t\t\t\t\t\t\t\t<img loading=\"lazy\" decoding=\"async\" width=\"768\" height=\"1024\" src=\"https:\/\/www.xn--manresacomer-vdb.cat\/wp-content\/uploads\/2025\/01\/1736800213485-768x1024.jpg\" class=\"attachment-large size-large wp-image-821\" alt=\"\" srcset=\"https:\/\/www.xn--manresacomer-vdb.cat\/wp-content\/uploads\/2025\/01\/1736800213485-768x1024.jpg 768w, https:\/\/www.xn--manresacomer-vdb.cat\/wp-content\/uploads\/2025\/01\/1736800213485-225x300.jpg 225w, https:\/\/www.xn--manresacomer-vdb.cat\/wp-content\/uploads\/2025\/01\/1736800213485-1152x1536.jpg 1152w, https:\/\/www.xn--manresacomer-vdb.cat\/wp-content\/uploads\/2025\/01\/1736800213485-1536x2048.jpg 1536w, https:\/\/www.xn--manresacomer-vdb.cat\/wp-content\/uploads\/2025\/01\/1736800213485-scaled.jpg 1920w\" sizes=\"(max-width: 768px) 100vw, 768px\" \/>\t\t\t\t\t\t\t\t\t\t\t\t\t\t\t<\/div>\n\t\t\t\t<\/div>\n\t\t\t\t\t<\/div>\n\t\t<\/div>\n\t\t\t\t\t<\/div>\n\t\t<\/section>\n\t\t\t\t<section class=\"elementor-section elementor-top-section elementor-element elementor-element-b365716 elementor-section-boxed elementor-section-height-default elementor-section-height-default\" data-id=\"b365716\" data-element_type=\"section\" data-e-type=\"section\">\n\t\t\t\t\t\t<div class=\"elementor-container elementor-column-gap-default\">\n\t\t\t\t\t<div class=\"elementor-column elementor-col-33 elementor-top-column elementor-element elementor-element-e4a1d46\" data-id=\"e4a1d46\" data-element_type=\"column\" data-e-type=\"column\">\n\t\t\t<div class=\"elementor-widget-wrap elementor-element-populated\">\n\t\t\t\t\t\t<div class=\"elementor-element elementor-element-ed2da85 elementor-widget elementor-widget-image\" data-id=\"ed2da85\" data-element_type=\"widget\" data-e-type=\"widget\" data-widget_type=\"image.default\">\n\t\t\t\t<div class=\"elementor-widget-container\">\n\t\t\t\t\t\t\t\t\t\t\t\t\t\t\t<img loading=\"lazy\" decoding=\"async\" width=\"768\" height=\"1024\" src=\"https:\/\/www.xn--manresacomer-vdb.cat\/wp-content\/uploads\/2025\/01\/1736799838344-768x1024.jpg\" class=\"attachment-large size-large wp-image-823\" alt=\"\" srcset=\"https:\/\/www.xn--manresacomer-vdb.cat\/wp-content\/uploads\/2025\/01\/1736799838344-768x1024.jpg 768w, https:\/\/www.xn--manresacomer-vdb.cat\/wp-content\/uploads\/2025\/01\/1736799838344-225x300.jpg 225w, https:\/\/www.xn--manresacomer-vdb.cat\/wp-content\/uploads\/2025\/01\/1736799838344-1152x1536.jpg 1152w, https:\/\/www.xn--manresacomer-vdb.cat\/wp-content\/uploads\/2025\/01\/1736799838344-1536x2048.jpg 1536w, https:\/\/www.xn--manresacomer-vdb.cat\/wp-content\/uploads\/2025\/01\/1736799838344-scaled.jpg 1920w\" sizes=\"(max-width: 768px) 100vw, 768px\" \/>\t\t\t\t\t\t\t\t\t\t\t\t\t\t\t<\/div>\n\t\t\t\t<\/div>\n\t\t\t\t\t<\/div>\n\t\t<\/div>\n\t\t\t\t<div class=\"elementor-column elementor-col-33 elementor-top-column elementor-element elementor-element-621a57d\" data-id=\"621a57d\" data-element_type=\"column\" data-e-type=\"column\">\n\t\t\t<div class=\"elementor-widget-wrap elementor-element-populated\">\n\t\t\t\t\t\t<div class=\"elementor-element elementor-element-191209a elementor-widget elementor-widget-image\" data-id=\"191209a\" data-element_type=\"widget\" data-e-type=\"widget\" data-widget_type=\"image.default\">\n\t\t\t\t<div class=\"elementor-widget-container\">\n\t\t\t\t\t\t\t\t\t\t\t\t\t\t\t<img loading=\"lazy\" decoding=\"async\" width=\"768\" height=\"1024\" src=\"https:\/\/www.xn--manresacomer-vdb.cat\/wp-content\/uploads\/2025\/01\/1736799838392-768x1024.jpg\" class=\"attachment-large size-large wp-image-824\" alt=\"\" srcset=\"https:\/\/www.xn--manresacomer-vdb.cat\/wp-content\/uploads\/2025\/01\/1736799838392-768x1024.jpg 768w, https:\/\/www.xn--manresacomer-vdb.cat\/wp-content\/uploads\/2025\/01\/1736799838392-225x300.jpg 225w, https:\/\/www.xn--manresacomer-vdb.cat\/wp-content\/uploads\/2025\/01\/1736799838392-1152x1536.jpg 1152w, https:\/\/www.xn--manresacomer-vdb.cat\/wp-content\/uploads\/2025\/01\/1736799838392-1536x2048.jpg 1536w, https:\/\/www.xn--manresacomer-vdb.cat\/wp-content\/uploads\/2025\/01\/1736799838392-scaled.jpg 1920w\" sizes=\"(max-width: 768px) 100vw, 768px\" \/>\t\t\t\t\t\t\t\t\t\t\t\t\t\t\t<\/div>\n\t\t\t\t<\/div>\n\t\t\t\t\t<\/div>\n\t\t<\/div>\n\t\t\t\t<div class=\"elementor-column elementor-col-33 elementor-top-column elementor-element elementor-element-0f019fb\" data-id=\"0f019fb\" data-element_type=\"column\" data-e-type=\"column\">\n\t\t\t<div class=\"elementor-widget-wrap elementor-element-populated\">\n\t\t\t\t\t\t<div class=\"elementor-element elementor-element-ee9f46a elementor-widget elementor-widget-image\" data-id=\"ee9f46a\" data-element_type=\"widget\" data-e-type=\"widget\" data-widget_type=\"image.default\">\n\t\t\t\t<div class=\"elementor-widget-container\">\n\t\t\t\t\t\t\t\t\t\t\t\t\t\t\t<img loading=\"lazy\" decoding=\"async\" width=\"768\" height=\"1024\" src=\"https:\/\/www.xn--manresacomer-vdb.cat\/wp-content\/uploads\/2025\/01\/1736799649891-768x1024.jpg\" class=\"attachment-large size-large wp-image-830\" alt=\"\" srcset=\"https:\/\/www.xn--manresacomer-vdb.cat\/wp-content\/uploads\/2025\/01\/1736799649891-768x1024.jpg 768w, https:\/\/www.xn--manresacomer-vdb.cat\/wp-content\/uploads\/2025\/01\/1736799649891-225x300.jpg 225w, https:\/\/www.xn--manresacomer-vdb.cat\/wp-content\/uploads\/2025\/01\/1736799649891-1152x1536.jpg 1152w, https:\/\/www.xn--manresacomer-vdb.cat\/wp-content\/uploads\/2025\/01\/1736799649891-1536x2048.jpg 1536w, https:\/\/www.xn--manresacomer-vdb.cat\/wp-content\/uploads\/2025\/01\/1736799649891-scaled.jpg 1920w\" sizes=\"(max-width: 768px) 100vw, 768px\" \/>\t\t\t\t\t\t\t\t\t\t\t\t\t\t\t<\/div>\n\t\t\t\t<\/div>\n\t\t\t\t\t<\/div>\n\t\t<\/div>\n\t\t\t\t\t<\/div>\n\t\t<\/section>\n\t\t\t\t<section class=\"elementor-section elementor-top-section elementor-element elementor-element-3c5c1c5 elementor-section-boxed elementor-section-height-default elementor-section-height-default\" data-id=\"3c5c1c5\" data-element_type=\"section\" data-e-type=\"section\">\n\t\t\t\t\t\t<div class=\"elementor-container elementor-column-gap-default\">\n\t\t\t\t\t<div class=\"elementor-column elementor-col-33 elementor-top-column elementor-element elementor-element-83dc8c3\" data-id=\"83dc8c3\" data-element_type=\"column\" data-e-type=\"column\">\n\t\t\t<div class=\"elementor-widget-wrap elementor-element-populated\">\n\t\t\t\t\t\t<div class=\"elementor-element elementor-element-34e961e elementor-widget elementor-widget-image\" data-id=\"34e961e\" data-element_type=\"widget\" data-e-type=\"widget\" data-widget_type=\"image.default\">\n\t\t\t\t<div class=\"elementor-widget-container\">\n\t\t\t\t\t\t\t\t\t\t\t\t\t\t\t<img loading=\"lazy\" decoding=\"async\" width=\"768\" height=\"1024\" src=\"https:\/\/www.xn--manresacomer-vdb.cat\/wp-content\/uploads\/2025\/01\/1736799838366-768x1024.jpg\" class=\"attachment-large size-large wp-image-827\" alt=\"\" srcset=\"https:\/\/www.xn--manresacomer-vdb.cat\/wp-content\/uploads\/2025\/01\/1736799838366-768x1024.jpg 768w, https:\/\/www.xn--manresacomer-vdb.cat\/wp-content\/uploads\/2025\/01\/1736799838366-225x300.jpg 225w, https:\/\/www.xn--manresacomer-vdb.cat\/wp-content\/uploads\/2025\/01\/1736799838366-1152x1536.jpg 1152w, https:\/\/www.xn--manresacomer-vdb.cat\/wp-content\/uploads\/2025\/01\/1736799838366-1536x2048.jpg 1536w, https:\/\/www.xn--manresacomer-vdb.cat\/wp-content\/uploads\/2025\/01\/1736799838366-scaled.jpg 1920w\" sizes=\"(max-width: 768px) 100vw, 768px\" \/>\t\t\t\t\t\t\t\t\t\t\t\t\t\t\t<\/div>\n\t\t\t\t<\/div>\n\t\t\t\t\t<\/div>\n\t\t<\/div>\n\t\t\t\t<div class=\"elementor-column elementor-col-33 elementor-top-column elementor-element elementor-element-067db3b\" data-id=\"067db3b\" data-element_type=\"column\" data-e-type=\"column\">\n\t\t\t<div class=\"elementor-widget-wrap elementor-element-populated\">\n\t\t\t\t\t\t<div class=\"elementor-element elementor-element-3be3519 elementor-widget elementor-widget-image\" data-id=\"3be3519\" data-element_type=\"widget\" data-e-type=\"widget\" data-widget_type=\"image.default\">\n\t\t\t\t<div class=\"elementor-widget-container\">\n\t\t\t\t\t\t\t\t\t\t\t\t\t\t\t<img loading=\"lazy\" decoding=\"async\" width=\"768\" height=\"1024\" src=\"https:\/\/www.xn--manresacomer-vdb.cat\/wp-content\/uploads\/2025\/01\/1736799838416-768x1024.jpg\" class=\"attachment-large size-large wp-image-828\" alt=\"\" srcset=\"https:\/\/www.xn--manresacomer-vdb.cat\/wp-content\/uploads\/2025\/01\/1736799838416-768x1024.jpg 768w, https:\/\/www.xn--manresacomer-vdb.cat\/wp-content\/uploads\/2025\/01\/1736799838416-225x300.jpg 225w, https:\/\/www.xn--manresacomer-vdb.cat\/wp-content\/uploads\/2025\/01\/1736799838416-1152x1536.jpg 1152w, https:\/\/www.xn--manresacomer-vdb.cat\/wp-content\/uploads\/2025\/01\/1736799838416-1536x2048.jpg 1536w, https:\/\/www.xn--manresacomer-vdb.cat\/wp-content\/uploads\/2025\/01\/1736799838416-scaled.jpg 1920w\" sizes=\"(max-width: 768px) 100vw, 768px\" \/>\t\t\t\t\t\t\t\t\t\t\t\t\t\t\t<\/div>\n\t\t\t\t<\/div>\n\t\t\t\t\t<\/div>\n\t\t<\/div>\n\t\t\t\t<div class=\"elementor-column elementor-col-33 elementor-top-column elementor-element elementor-element-c5de554\" data-id=\"c5de554\" data-element_type=\"column\" data-e-type=\"column\">\n\t\t\t<div class=\"elementor-widget-wrap elementor-element-populated\">\n\t\t\t\t\t\t<div class=\"elementor-element elementor-element-5cf923b elementor-widget elementor-widget-image\" data-id=\"5cf923b\" data-element_type=\"widget\" data-e-type=\"widget\" data-widget_type=\"image.default\">\n\t\t\t\t<div class=\"elementor-widget-container\">\n\t\t\t\t\t\t\t\t\t\t\t\t\t\t\t<img loading=\"lazy\" decoding=\"async\" width=\"768\" height=\"1024\" src=\"https:\/\/www.xn--manresacomer-vdb.cat\/wp-content\/uploads\/2025\/01\/1736799838537-768x1024.jpg\" class=\"attachment-large size-large wp-image-822\" alt=\"\" srcset=\"https:\/\/www.xn--manresacomer-vdb.cat\/wp-content\/uploads\/2025\/01\/1736799838537-768x1024.jpg 768w, https:\/\/www.xn--manresacomer-vdb.cat\/wp-content\/uploads\/2025\/01\/1736799838537-225x300.jpg 225w, https:\/\/www.xn--manresacomer-vdb.cat\/wp-content\/uploads\/2025\/01\/1736799838537-1152x1536.jpg 1152w, https:\/\/www.xn--manresacomer-vdb.cat\/wp-content\/uploads\/2025\/01\/1736799838537-1536x2048.jpg 1536w, https:\/\/www.xn--manresacomer-vdb.cat\/wp-content\/uploads\/2025\/01\/1736799838537-scaled.jpg 1920w\" sizes=\"(max-width: 768px) 100vw, 768px\" \/>\t\t\t\t\t\t\t\t\t\t\t\t\t\t\t<\/div>\n\t\t\t\t<\/div>\n\t\t\t\t\t<\/div>\n\t\t<\/div>\n\t\t\t\t\t<\/div>\n\t\t<\/section>\n\t\t\t\t<\/div>\n\t\t","protected":false},"excerpt":{"rendered":"<p>Primers passos per a la creaci\u00f3 de la marca Manresa Comer\u00e7 Nord Diversos comer\u00e7os de la zona Nord de Manresa van fer el primer pas per consensuar la creaci\u00f3 de la marca Manresa Comer\u00e7 Nord, una iniciativa que tenia com a objectiu potenciar i donar visibilitat al comer\u00e7 local i dinamitzar la vida del barri. [&hellip;]<\/p>\n","protected":false},"author":1,"featured_media":0,"parent":0,"menu_order":0,"comment_status":"closed","ping_status":"closed","template":"","meta":{"_acf_changed":false,"footnotes":""},"class_list":["post-808","page","type-page","status-publish","hentry"],"acf":[],"_links":{"self":[{"href":"https:\/\/www.xn--manresacomer-vdb.cat\/index.php\/wp-json\/wp\/v2\/pages\/808","targetHints":{"allow":["GET"]}}],"collection":[{"href":"https:\/\/www.xn--manresacomer-vdb.cat\/index.php\/wp-json\/wp\/v2\/pages"}],"about":[{"href":"https:\/\/www.xn--manresacomer-vdb.cat\/index.php\/wp-json\/wp\/v2\/types\/page"}],"author":[{"embeddable":true,"href":"https:\/\/www.xn--manresacomer-vdb.cat\/index.php\/wp-json\/wp\/v2\/users\/1"}],"replies":[{"embeddable":true,"href":"https:\/\/www.xn--manresacomer-vdb.cat\/index.php\/wp-json\/wp\/v2\/comments?post=808"}],"version-history":[{"count":10,"href":"https:\/\/www.xn--manresacomer-vdb.cat\/index.php\/wp-json\/wp\/v2\/pages\/808\/revisions"}],"predecessor-version":[{"id":834,"href":"https:\/\/www.xn--manresacomer-vdb.cat\/index.php\/wp-json\/wp\/v2\/pages\/808\/revisions\/834"}],"wp:attachment":[{"href":"https:\/\/www.xn--manresacomer-vdb.cat\/index.php\/wp-json\/wp\/v2\/media?parent=808"}],"curies":[{"name":"wp","href":"https:\/\/api.w.org\/{rel}","templated":true}]}}